{"id":84,"date":"2021-09-19T09:37:26","date_gmt":"2021-09-19T09:37:26","guid":{"rendered":"http:\/\/philatelisten-verein-schlieren.ch\/?page_id=84"},"modified":"2025-11-30T08:06:26","modified_gmt":"2025-11-30T08:06:26","slug":"boerse-2024","status":"publish","type":"page","link":"https:\/\/www.philatelisten-verein-schlieren.ch\/?page_id=84","title":{"rendered":"B\u00f6rse 2026"},"content":{"rendered":"<p>Suchen Sie Erg\u00e4nzungen f\u00fcr Ihre <a href=\"http:\/\/philatelisten-verein-schlieren.ch\/?page_id=2\">Briefmarken-Sammlung<\/a>? Lieben Sie es nach einem Schn\u00e4ppchen zu st\u00f6bern? An der Briefmarken- und Ansichtskarten B\u00f6rse 2026 des Philatelisten Verein Schlieren sind mehrere H\u00e4ndler vor Ort mit ihren Angeboten. Nat\u00fcrlich werden auch viele Sammler vor Ort sein. Und wir bieten einfache Verpflegung an. Der Eintritt ist frei.<\/p>\n<p>Die Briefmarken-B\u00f6rse 2026 findet statt am Sonntag 25. Oktober 2026 von 10:00 &#8211; 15:00 im <a href=\"https:\/\/www.stuermeierhuus.ch\/\">St\u00fcrmeierhuus in Schlieren<\/a>.<\/p>\n<p>Parkpl\u00e4tze sind z.B. beim Stadthaus Schlieren verf\u00fcgbar.<\/p>\n<p>Folgende H\u00e4ndler haben ihre Teilnahme bereits zugesagt:<\/p>\n<ul>\n<li>Michel Nodari, Schlieren<\/li>\n<\/ul>\n<h3>R\u00fcckblick B\u00f6rse vom 26. Oktober 2025<\/h3>\n<p>Die B\u00f6rse 2025 hat wie \u00fcblich im grossen Saal im St\u00fcrmeierhuus Schlieren stattgefunden. Die B\u00f6rse war gut besucht, leider sind 2 H\u00e4ndler kurzfristig krankheitsbedingt ausgefallen.<\/p>\n<h3>R\u00fcckblick B\u00f6rse vom 27. Oktober 2024<\/h3>\n<p>Die B\u00f6rse 2024 hat wie \u00fcblich im grossen Saal im St\u00fcrmeierhuus Schlieren stattgefunden. Diese Mal waren etwas weniger Besucher vor Ort, vermutlich war das ausgesprochen sch\u00f6ne Herbst-Wetter schuld. Ein grosser Dank gilt all den freiwilligen Helfern, welche einen solchen Anlass m\u00f6glich machen!<\/p>\n<h3>R\u00fcckblick B\u00f6rse vom 30. Oktober 2022<\/h3>\n<p>Die Briefmarken-B\u00f6rse im grossen Saal im <a href=\"https:\/\/www.stuermeierhuus.ch\/\">St\u00fcrmeierhuus Schlieren<\/a> stiess auf grosses Interesse. Auch die Presse war vor Ort und publizierte anschliessend einen sch\u00f6nen Artikel im Limmattaler. Das Angebot vom beliebten Fleischk\u00e4se mit Kartoffelsalat, Kuchen und nat\u00fcrlich viel Kaffee wurde stark genutzt.<\/p>\n<div id=\"attachment_148\" style=\"width: 1210px\" class=\"wp-caption alignnone\"><img loading=\"lazy\" decoding=\"async\" aria-describedby=\"caption-attachment-148\" class=\"wp-image-148 size-full\" src=\"http:\/\/www.philatelisten-verein-schlieren.ch\/wp-content\/uploads\/2023\/04\/IMG_0986s.jpg\" alt=\"Blick in den Saal des St\u00fcrmeierhaus an der B\u00f6rse 2022\" width=\"1200\" height=\"900\" srcset=\"https:\/\/www.philatelisten-verein-schlieren.ch\/wp-content\/uploads\/2023\/04\/IMG_0986s.jpg 1200w, https:\/\/www.philatelisten-verein-schlieren.ch\/wp-content\/uploads\/2023\/04\/IMG_0986s-300x225.jpg 300w, https:\/\/www.philatelisten-verein-schlieren.ch\/wp-content\/uploads\/2023\/04\/IMG_0986s-1024x768.jpg 1024w, https:\/\/www.philatelisten-verein-schlieren.ch\/wp-content\/uploads\/2023\/04\/IMG_0986s-768x576.jpg 768w\" sizes=\"auto, (max-width: 1200px) 100vw, 1200px\" \/><p id=\"caption-attachment-148\" class=\"wp-caption-text\">B\u00f6rse 2022 im St\u00fcrmeierhuus<\/p><\/div>\n<h3>R\u00fcckblick B\u00f6rse vom 24. Oktober 2021<\/h3>\n<p>\u00dcber 70 Sammler und an Briefmarken Interessierte haben den Weg an die B\u00f6rse im grossen Saal im <a href=\"https:\/\/www.stuermeierhuus.ch\/\">St\u00fcrmeierhuus Schlieren<\/a> gefunden. Dank Zertifikats-Pr\u00fcfung am Eingang durfte ohne Maske in den Angeboten der H\u00e4ndler gest\u00f6bert werden. Nat\u00fcrlich wurde auch fleissig gefachsimpelt und diskutiert. Auch das Angebot an belegten Broten, Kuchen und nat\u00fcrlich viel Kaffee wurde genutzt. Wir sind sehr zufrieden mit dem Anlass, und starten bereits die Planung f\u00fcr das n\u00e4chste Jahr.<\/p>\n<div id=\"attachment_111\" style=\"width: 1210px\" class=\"wp-caption alignnone\"><img loading=\"lazy\" decoding=\"async\" aria-describedby=\"caption-attachment-111\" class=\"wp-image-111 size-full\" src=\"http:\/\/www.philatelisten-verein-schlieren.ch\/wp-content\/uploads\/2021\/10\/boerse_2021s.jpg\" alt=\"Blick in den Saal des St\u00fcrmeierhaus an der B\u00f6rse 2021\" width=\"1200\" height=\"900\" srcset=\"https:\/\/www.philatelisten-verein-schlieren.ch\/wp-content\/uploads\/2021\/10\/boerse_2021s.jpg 1200w, https:\/\/www.philatelisten-verein-schlieren.ch\/wp-content\/uploads\/2021\/10\/boerse_2021s-300x225.jpg 300w, https:\/\/www.philatelisten-verein-schlieren.ch\/wp-content\/uploads\/2021\/10\/boerse_2021s-1024x768.jpg 1024w, https:\/\/www.philatelisten-verein-schlieren.ch\/wp-content\/uploads\/2021\/10\/boerse_2021s-768x576.jpg 768w\" sizes=\"auto, (max-width: 1200px) 100vw, 1200px\" \/><p id=\"caption-attachment-111\" class=\"wp-caption-text\">B\u00f6rse 2021 im St\u00fcrmeierhuus<\/p><\/div>\n","protected":false},"excerpt":{"rendered":"<p>Suchen Sie Erg\u00e4nzungen f\u00fcr Ihre Briefmarken-Sammlung? Lieben Sie es nach einem Schn\u00e4ppchen zu st\u00f6bern? An der Briefmarken- und Ansichtskarten B\u00f6rse 2026 des Philatelisten Verein Schlieren sind mehrere H\u00e4ndler vor Ort mit ihren Angeboten. Nat\u00fcrlich werden auch viele Sammler vor Ort sein. Und wir bieten einfache Verpflegung an. Der Eintritt ist frei. Die Briefmarken-B\u00f6rse 2026 findet [&hellip;]<\/p>\n","protected":false},"author":1,"featured_media":0,"parent":0,"menu_order":0,"comment_status":"closed","ping_status":"closed","template":"","meta":{"footnotes":""},"class_list":["post-84","page","type-page","status-publish","hentry","post"],"yoast_head":"<!-- This site is optimized with the Yoast SEO plugin v26.9 - https:\/\/yoast.com\/product\/yoast-seo-wordpress\/ -->\n<title>B\u00f6rse 2026 - Philatelisten Verein Schlieren<\/title>\n<meta name=\"description\" content=\"Informationen \u00fcber die Briefmarkenb\u00f6rse 2024 in Schlieren\" \/>\n<meta name=\"robots\" content=\"index, follow, max-snippet:-1, max-image-preview:large, max-video-preview:-1\" \/>\n<link rel=\"canonical\" href=\"https:\/\/www.philatelisten-verein-schlieren.ch\/?page_id=84\" \/>\n<meta property=\"og:locale\" content=\"de_DE\" \/>\n<meta property=\"og:type\" content=\"article\" \/>\n<meta property=\"og:title\" content=\"B\u00f6rse 2026 - Philatelisten Verein Schlieren\" \/>\n<meta property=\"og:description\" content=\"Informationen \u00fcber die Briefmarkenb\u00f6rse 2024 in Schlieren\" \/>\n<meta property=\"og:url\" content=\"https:\/\/www.philatelisten-verein-schlieren.ch\/?page_id=84\" \/>\n<meta property=\"og:site_name\" content=\"Philatelisten Verein Schlieren\" \/>\n<meta property=\"article:modified_time\" content=\"2025-11-30T08:06:26+00:00\" \/>\n<meta property=\"og:image\" content=\"https:\/\/www.philatelisten-verein-schlieren.ch\/wp-content\/uploads\/2023\/04\/IMG_0986s.jpg\" \/>\n\t<meta property=\"og:image:width\" content=\"1200\" \/>\n\t<meta property=\"og:image:height\" content=\"900\" \/>\n\t<meta property=\"og:image:type\" content=\"image\/jpeg\" \/>\n<meta name=\"twitter:card\" content=\"summary_large_image\" \/>\n<meta name=\"twitter:label1\" content=\"Gesch\u00e4tzte Lesezeit\" \/>\n\t<meta name=\"twitter:data1\" content=\"1\u00a0Minute\" \/>\n<script type=\"application\/ld+json\" class=\"yoast-schema-graph\">{\"@context\":\"https:\/\/schema.org\",\"@graph\":[{\"@type\":\"WebPage\",\"@id\":\"https:\/\/www.philatelisten-verein-schlieren.ch\/?page_id=84\",\"url\":\"https:\/\/www.philatelisten-verein-schlieren.ch\/?page_id=84\",\"name\":\"B\u00f6rse 2026 - Philatelisten Verein Schlieren\",\"isPartOf\":{\"@id\":\"https:\/\/www.philatelisten-verein-schlieren.ch\/#website\"},\"primaryImageOfPage\":{\"@id\":\"https:\/\/www.philatelisten-verein-schlieren.ch\/?page_id=84#primaryimage\"},\"image\":{\"@id\":\"https:\/\/www.philatelisten-verein-schlieren.ch\/?page_id=84#primaryimage\"},\"thumbnailUrl\":\"http:\/\/www.philatelisten-verein-schlieren.ch\/wp-content\/uploads\/2023\/04\/IMG_0986s.jpg\",\"datePublished\":\"2021-09-19T09:37:26+00:00\",\"dateModified\":\"2025-11-30T08:06:26+00:00\",\"description\":\"Informationen \u00fcber die Briefmarkenb\u00f6rse 2024 in Schlieren\",\"breadcrumb\":{\"@id\":\"https:\/\/www.philatelisten-verein-schlieren.ch\/?page_id=84#breadcrumb\"},\"inLanguage\":\"de\",\"potentialAction\":[{\"@type\":\"ReadAction\",\"target\":[\"https:\/\/www.philatelisten-verein-schlieren.ch\/?page_id=84\"]}]},{\"@type\":\"ImageObject\",\"inLanguage\":\"de\",\"@id\":\"https:\/\/www.philatelisten-verein-schlieren.ch\/?page_id=84#primaryimage\",\"url\":\"http:\/\/www.philatelisten-verein-schlieren.ch\/wp-content\/uploads\/2023\/04\/IMG_0986s.jpg\",\"contentUrl\":\"http:\/\/www.philatelisten-verein-schlieren.ch\/wp-content\/uploads\/2023\/04\/IMG_0986s.jpg\"},{\"@type\":\"BreadcrumbList\",\"@id\":\"https:\/\/www.philatelisten-verein-schlieren.ch\/?page_id=84#breadcrumb\",\"itemListElement\":[{\"@type\":\"ListItem\",\"position\":1,\"name\":\"Startseite\",\"item\":\"https:\/\/www.philatelisten-verein-schlieren.ch\/\"},{\"@type\":\"ListItem\",\"position\":2,\"name\":\"B\u00f6rse 2026\"}]},{\"@type\":\"WebSite\",\"@id\":\"https:\/\/www.philatelisten-verein-schlieren.ch\/#website\",\"url\":\"https:\/\/www.philatelisten-verein-schlieren.ch\/\",\"name\":\"Philatelisten Verein Schlieren\",\"description\":\"wir stellen unseren Verein f\u00fcr Briefmarken-Sammler vor\",\"potentialAction\":[{\"@type\":\"SearchAction\",\"target\":{\"@type\":\"EntryPoint\",\"urlTemplate\":\"https:\/\/www.philatelisten-verein-schlieren.ch\/?s={search_term_string}\"},\"query-input\":{\"@type\":\"PropertyValueSpecification\",\"valueRequired\":true,\"valueName\":\"search_term_string\"}}],\"inLanguage\":\"de\"}]}<\/script>\n<!-- \/ Yoast SEO plugin. -->","yoast_head_json":{"title":"B\u00f6rse 2026 - Philatelisten Verein Schlieren","description":"Informationen \u00fcber die Briefmarkenb\u00f6rse 2024 in Schlieren","robots":{"index":"index","follow":"follow","max-snippet":"max-snippet:-1","max-image-preview":"max-image-preview:large","max-video-preview":"max-video-preview:-1"},"canonical":"https:\/\/www.philatelisten-verein-schlieren.ch\/?page_id=84","og_locale":"de_DE","og_type":"article","og_title":"B\u00f6rse 2026 - Philatelisten Verein Schlieren","og_description":"Informationen \u00fcber die Briefmarkenb\u00f6rse 2024 in Schlieren","og_url":"https:\/\/www.philatelisten-verein-schlieren.ch\/?page_id=84","og_site_name":"Philatelisten Verein Schlieren","article_modified_time":"2025-11-30T08:06:26+00:00","og_image":[{"width":1200,"height":900,"url":"https:\/\/www.philatelisten-verein-schlieren.ch\/wp-content\/uploads\/2023\/04\/IMG_0986s.jpg","type":"image\/jpeg"}],"twitter_card":"summary_large_image","twitter_misc":{"Gesch\u00e4tzte Lesezeit":"1\u00a0Minute"},"schema":{"@context":"https:\/\/schema.org","@graph":[{"@type":"WebPage","@id":"https:\/\/www.philatelisten-verein-schlieren.ch\/?page_id=84","url":"https:\/\/www.philatelisten-verein-schlieren.ch\/?page_id=84","name":"B\u00f6rse 2026 - Philatelisten Verein Schlieren","isPartOf":{"@id":"https:\/\/www.philatelisten-verein-schlieren.ch\/#website"},"primaryImageOfPage":{"@id":"https:\/\/www.philatelisten-verein-schlieren.ch\/?page_id=84#primaryimage"},"image":{"@id":"https:\/\/www.philatelisten-verein-schlieren.ch\/?page_id=84#primaryimage"},"thumbnailUrl":"http:\/\/www.philatelisten-verein-schlieren.ch\/wp-content\/uploads\/2023\/04\/IMG_0986s.jpg","datePublished":"2021-09-19T09:37:26+00:00","dateModified":"2025-11-30T08:06:26+00:00","description":"Informationen \u00fcber die Briefmarkenb\u00f6rse 2024 in Schlieren","breadcrumb":{"@id":"https:\/\/www.philatelisten-verein-schlieren.ch\/?page_id=84#breadcrumb"},"inLanguage":"de","potentialAction":[{"@type":"ReadAction","target":["https:\/\/www.philatelisten-verein-schlieren.ch\/?page_id=84"]}]},{"@type":"ImageObject","inLanguage":"de","@id":"https:\/\/www.philatelisten-verein-schlieren.ch\/?page_id=84#primaryimage","url":"http:\/\/www.philatelisten-verein-schlieren.ch\/wp-content\/uploads\/2023\/04\/IMG_0986s.jpg","contentUrl":"http:\/\/www.philatelisten-verein-schlieren.ch\/wp-content\/uploads\/2023\/04\/IMG_0986s.jpg"},{"@type":"BreadcrumbList","@id":"https:\/\/www.philatelisten-verein-schlieren.ch\/?page_id=84#breadcrumb","itemListElement":[{"@type":"ListItem","position":1,"name":"Startseite","item":"https:\/\/www.philatelisten-verein-schlieren.ch\/"},{"@type":"ListItem","position":2,"name":"B\u00f6rse 2026"}]},{"@type":"WebSite","@id":"https:\/\/www.philatelisten-verein-schlieren.ch\/#website","url":"https:\/\/www.philatelisten-verein-schlieren.ch\/","name":"Philatelisten Verein Schlieren","description":"wir stellen unseren Verein f\u00fcr Briefmarken-Sammler vor","potentialAction":[{"@type":"SearchAction","target":{"@type":"EntryPoint","urlTemplate":"https:\/\/www.philatelisten-verein-schlieren.ch\/?s={search_term_string}"},"query-input":{"@type":"PropertyValueSpecification","valueRequired":true,"valueName":"search_term_string"}}],"inLanguage":"de"}]}},"_links":{"self":[{"href":"https:\/\/www.philatelisten-verein-schlieren.ch\/index.php?rest_route=\/wp\/v2\/pages\/84","targetHints":{"allow":["GET"]}}],"collection":[{"href":"https:\/\/www.philatelisten-verein-schlieren.ch\/index.php?rest_route=\/wp\/v2\/pages"}],"about":[{"href":"https:\/\/www.philatelisten-verein-schlieren.ch\/index.php?rest_route=\/wp\/v2\/types\/page"}],"author":[{"embeddable":true,"href":"https:\/\/www.philatelisten-verein-schlieren.ch\/index.php?rest_route=\/wp\/v2\/users\/1"}],"replies":[{"embeddable":true,"href":"https:\/\/www.philatelisten-verein-schlieren.ch\/index.php?rest_route=%2Fwp%2Fv2%2Fcomments&post=84"}],"version-history":[{"count":20,"href":"https:\/\/www.philatelisten-verein-schlieren.ch\/index.php?rest_route=\/wp\/v2\/pages\/84\/revisions"}],"predecessor-version":[{"id":219,"href":"https:\/\/www.philatelisten-verein-schlieren.ch\/index.php?rest_route=\/wp\/v2\/pages\/84\/revisions\/219"}],"wp:attachment":[{"href":"https:\/\/www.philatelisten-verein-schlieren.ch\/index.php?rest_route=%2Fwp%2Fv2%2Fmedia&parent=84"}],"curies":[{"name":"wp","href":"https:\/\/api.w.org\/{rel}","templated":true}]}}